{"id":859,"date":"2024-11-25T19:24:30","date_gmt":"2024-11-25T19:24:30","guid":{"rendered":"https:\/\/afdtconsultoria.com\/en\/?page_id=859"},"modified":"2024-11-26T12:53:06","modified_gmt":"2024-11-26T12:53:06","slug":"euced","status":"publish","type":"page","link":"https:\/\/afdtconsultoria.com\/en\/euced\/","title":{"rendered":"Euced"},"content":{"rendered":"\t\t<div data-elementor-type=\"wp-page\" data-elementor-id=\"859\" class=\"elementor elementor-859\" data-elementor-settings=\"{&quot;ha_cmc_init_switcher&quot;:&quot;no&quot;}\" data-elementor-post-type=\"page\">\n\t\t\t\t\t\t<section class=\"elementor-section elementor-top-section elementor-element elementor-element-79fefed elementor-section-boxed elementor-section-height-default elementor-section-height-default\" data-id=\"79fefed\" data-element_type=\"section\" data-e-type=\"section\" data-settings=\"{&quot;background_background&quot;:&quot;classic&quot;,&quot;_ha_eqh_enable&quot;:false}\">\n\t\t\t\t\t\t\t<div class=\"elementor-background-overlay\"><\/div>\n\t\t\t\t\t\t\t<div class=\"elementor-container elementor-column-gap-default\">\n\t\t\t\t\t<div class=\"elementor-column elementor-col-100 elementor-top-column elementor-element elementor-element-fb53c8c\" data-id=\"fb53c8c\" data-element_type=\"column\" data-e-type=\"column\">\n\t\t\t<div class=\"elementor-widget-wrap\">\n\t\t\t\t\t\t\t<\/div>\n\t\t<\/div>\n\t\t\t\t\t<\/div>\n\t\t<\/section>\n\t\t\t\t<section class=\"elementor-section elementor-top-section elementor-element elementor-element-411d0e2 elementor-section-boxed elementor-section-height-default elementor-section-height-default\" data-id=\"411d0e2\" data-element_type=\"section\" data-e-type=\"section\" data-settings=\"{&quot;_ha_eqh_enable&quot;:false}\">\n\t\t\t\t\t\t<div class=\"elementor-container elementor-column-gap-default\">\n\t\t\t\t\t<div class=\"elementor-column elementor-col-50 elementor-top-column elementor-element elementor-element-1f062de\" data-id=\"1f062de\" data-element_type=\"column\" data-e-type=\"column\">\n\t\t\t<div class=\"elementor-widget-wrap elementor-element-populated\">\n\t\t\t\t\t\t<div class=\"elementor-element elementor-element-6a88ecc elementor-widget elementor-widget-text-editor\" data-id=\"6a88ecc\" data-element_type=\"widget\" data-e-type=\"widget\" data-widget_type=\"text-editor.default\">\n\t\t\t\t<div class=\"elementor-widget-container\">\n\t\t\t\t\t\t\t\t\t<p>\u201cA empresa <strong>AFDT &#8211; Consultoria Com\u00e9rcio e Representa\u00e7\u00f5es LDA<\/strong>, foi aceite na EUCED \u2013 Institui\u00e7\u00e3o Europeia de Coopera\u00e7\u00e3o Econ\u00f3mica e Desenvolvimento, AEIE, na categoria de \u201cASSOCIATE MEMBER\u201d, estando assim representada nas inst\u00e2ncias europeias. Esta ades\u00e3o inclui a AFDT Portugal e a AFDT Brasil, nas suas diversas categorias de atividades e projetos complementares.<\/p><p>A EUCED AEIE foi institu\u00edda pelo Regulamento (CEE) n\u00ba 2137\/85 para a coopera\u00e7\u00e3o econ\u00f3mica e para o desenvolvimento, a n\u00edvel Europeu e internacional, representando os interesses coletivos dos seus Membros. Com sede em Portugal, est\u00e1 acreditada nas diversas institui\u00e7\u00f5es da Uni\u00e3o Europeia, conforme Acordo Interinstitucional de 2021, atuando em 62 pa\u00edses, dos quais 39 na Europa, atrav\u00e9s dos seus 115 Membros, Associados, Parceiros e Representantes Oficiais, sendo Institui\u00e7\u00e3o Representativa de Grupo de Interesses na Uni\u00e3o Europeia.<\/p><p>\u00c9 composto por uma \u201cnetwork\u201d de empresas e institui\u00e7\u00f5es, privilegiando atividades como a coopera\u00e7\u00e3o e o desenvolvimento, a inova\u00e7\u00e3o, o conhecimento, a competitividade e a internacionaliza\u00e7\u00e3o econ\u00f3mica, atuando \u00e0 escala global. O seu objetivo \u00e9 o de potenciar as atividades dos seus membros, associados e parceiros no espa\u00e7o da Uni\u00e3o Europeia e da \u00c1rea Econ\u00f3mica Europeia, bem como estimular parcerias e alian\u00e7as estrat\u00e9gicas noutras regi\u00f5es do mundo.\u00a0<\/p>\t\t\t\t\t\t\t\t<\/div>\n\t\t\t\t<\/div>\n\t\t\t\t\t<\/div>\n\t\t<\/div>\n\t\t\t\t<div class=\"elementor-column elementor-col-50 elementor-top-column elementor-element elementor-element-59614b9\" data-id=\"59614b9\" data-element_type=\"column\" data-e-type=\"column\">\n\t\t\t<div class=\"elementor-widget-wrap elementor-element-populated\">\n\t\t\t\t\t\t<div class=\"elementor-element elementor-element-6221b91 elementor-widget elementor-widget-image\" data-id=\"6221b91\" data-element_type=\"widget\" data-e-type=\"widget\" data-widget_type=\"image.default\">\n\t\t\t\t<div class=\"elementor-widget-container\">\n\t\t\t\t\t\t\t\t\t\t\t\t\t\t\t\t<a href=\"https:\/\/www.euced.com\/\">\n\t\t\t\t\t\t\t<img fetchpriority=\"high\" decoding=\"async\" width=\"761\" height=\"800\" src=\"https:\/\/afdtconsultoria.com\/en\/wp-content\/uploads\/2024\/11\/Associate.png\" class=\"attachment-large size-large wp-image-861\" alt=\"\" srcset=\"https:\/\/afdtconsultoria.com\/en\/wp-content\/uploads\/2024\/11\/Associate.png 761w, https:\/\/afdtconsultoria.com\/en\/wp-content\/uploads\/2024\/11\/Associate-285x300.png 285w\" sizes=\"(max-width: 761px) 100vw, 761px\" \/>\t\t\t\t\t\t\t\t<\/a>\n\t\t\t\t\t\t\t\t\t\t\t\t\t\t\t<\/div>\n\t\t\t\t<\/div>\n\t\t\t\t\t<\/div>\n\t\t<\/div>\n\t\t\t\t\t<\/div>\n\t\t<\/section>\n\t\t\t\t<section class=\"elementor-section elementor-top-section elementor-element elementor-element-306e0b9 elementor-section-boxed elementor-section-height-default elementor-section-height-default\" data-id=\"306e0b9\" data-element_type=\"section\" data-e-type=\"section\" data-settings=\"{&quot;_ha_eqh_enable&quot;:false}\">\n\t\t\t\t\t\t<div class=\"elementor-container elementor-column-gap-default\">\n\t\t\t\t\t<div class=\"elementor-column elementor-col-100 elementor-top-column elementor-element elementor-element-38ec645\" data-id=\"38ec645\" data-element_type=\"column\" data-e-type=\"column\">\n\t\t\t<div class=\"elementor-widget-wrap elementor-element-populated\">\n\t\t\t\t\t\t<div class=\"elementor-element elementor-element-9a06792 elementor-widget elementor-widget-text-editor\" data-id=\"9a06792\" data-element_type=\"widget\" data-e-type=\"widget\" data-widget_type=\"text-editor.default\">\n\t\t\t\t<div class=\"elementor-widget-container\">\n\t\t\t\t\t\t\t\t\t<p>A AFDT espera poder contribuir para o sucesso das pol\u00edticas da Uni\u00e3o Europeia, bem como para o da EUCED &#8211; Agrupamento Europeu de Interesse Econ\u00f3mico (AEIE) de que somos Membros.\u201d<\/p>\t\t\t\t\t\t\t\t<\/div>\n\t\t\t\t<\/div>\n\t\t\t\t\t<\/div>\n\t\t<\/div>\n\t\t\t\t\t<\/div>\n\t\t<\/section>\n\t\t\t\t<\/div>\n\t\t","protected":false},"excerpt":{"rendered":"<p>\u201cA empresa AFDT &#8211; Consultoria Com\u00e9rcio e Representa\u00e7\u00f5es LDA, foi aceite na EUCED \u2013 Institui\u00e7\u00e3o Europeia de Coopera\u00e7\u00e3o Econ\u00f3mica e Desenvolvimento, AEIE, na categoria de \u201cASSOCIATE MEMBER\u201d, estando assim representada nas inst\u00e2ncias europeias. Esta ades\u00e3o inclui a AFDT Portugal e a AFDT Brasil, nas suas diversas categorias de atividades e projetos complementares. A EUCED AEIE [&hellip;]<\/p>\n","protected":false},"author":1,"featured_media":0,"parent":0,"menu_order":0,"comment_status":"closed","ping_status":"closed","template":"elementor_header_footer","meta":{"footnotes":""},"class_list":["post-859","page","type-page","status-publish","hentry"],"_links":{"self":[{"href":"https:\/\/afdtconsultoria.com\/en\/wp-json\/wp\/v2\/pages\/859","targetHints":{"allow":["GET"]}}],"collection":[{"href":"https:\/\/afdtconsultoria.com\/en\/wp-json\/wp\/v2\/pages"}],"about":[{"href":"https:\/\/afdtconsultoria.com\/en\/wp-json\/wp\/v2\/types\/page"}],"author":[{"embeddable":true,"href":"https:\/\/afdtconsultoria.com\/en\/wp-json\/wp\/v2\/users\/1"}],"replies":[{"embeddable":true,"href":"https:\/\/afdtconsultoria.com\/en\/wp-json\/wp\/v2\/comments?post=859"}],"version-history":[{"count":13,"href":"https:\/\/afdtconsultoria.com\/en\/wp-json\/wp\/v2\/pages\/859\/revisions"}],"predecessor-version":[{"id":877,"href":"https:\/\/afdtconsultoria.com\/en\/wp-json\/wp\/v2\/pages\/859\/revisions\/877"}],"wp:attachment":[{"href":"https:\/\/afdtconsultoria.com\/en\/wp-json\/wp\/v2\/media?parent=859"}],"curies":[{"name":"wp","href":"https:\/\/api.w.org\/{rel}","templated":true}]}}